{"id":6446,"date":"2023-05-18T07:48:56","date_gmt":"2023-05-18T07:48:56","guid":{"rendered":"https:\/\/hv-holdings.mu\/politique-de-confidentialite\/"},"modified":"2026-02-14T09:06:04","modified_gmt":"2026-02-14T09:06:04","slug":"conditions-generales","status":"publish","type":"page","link":"https:\/\/hv-holdings.mu\/fr\/conditions-generales\/","title":{"rendered":"CONDITIONS G\u00c9N\u00c9RALES"},"content":{"rendered":"\t\t<div data-elementor-type=\"wp-page\" data-elementor-id=\"6446\" class=\"elementor elementor-6446 elementor-3382\" data-elementor-post-type=\"page\">\n\t\t\t\t\t\t<section data-particle_enable=\"false\" data-particle-mobile-disabled=\"false\" class=\"elementor-section elementor-top-section elementor-element elementor-element-6271a036 elementor-section-boxed elementor-section-height-default elementor-section-height-default\" data-id=\"6271a036\" data-element_type=\"section\" data-e-type=\"section\" data-settings=\"{&quot;_ob_glider_is_slider&quot;:&quot;no&quot;}\">\n\t\t\t\t\t\t<div class=\"elementor-container elementor-column-gap-default\">\n\t\t\t\t\t<div class=\"elementor-column elementor-col-100 elementor-top-column elementor-element elementor-element-491fc68b\" data-id=\"491fc68b\" data-element_type=\"column\" data-e-type=\"column\" data-settings=\"{&quot;_ob_column_hoveranimator&quot;:&quot;no&quot;,&quot;_ob_column_has_pseudo&quot;:&quot;no&quot;}\">\n\t\t\t<div class=\"elementor-widget-wrap elementor-element-populated\">\n\t\t\t\t\t\t<div class=\"elementor-element elementor-element-72c21e81 ob-harakiri-inherit ob-has-background-overlay elementor-widget elementor-widget-heading\" data-id=\"72c21e81\" data-element_type=\"widget\" data-e-type=\"widget\" data-settings=\"{&quot;_ob_use_harakiri&quot;:&quot;yes&quot;,&quot;_ob_harakiri_writing_mode&quot;:&quot;inherit&quot;,&quot;_ob_harakiri_text_clip&quot;:&quot;none&quot;,&quot;_ob_widget_stalker_use&quot;:&quot;no&quot;,&quot;_ob_poopart_use&quot;:&quot;yes&quot;,&quot;_ob_shadough_use&quot;:&quot;no&quot;,&quot;_ob_allow_hoveranimator&quot;:&quot;no&quot;}\" data-widget_type=\"heading.default\">\n\t\t\t\t<div class=\"elementor-widget-container\">\n\t\t\t\t\t<h1 class=\"elementor-heading-title elementor-size-default\">Politique d'utilisation du site web de HV Holdings Ltd<\/h1>\t\t\t\t<\/div>\n\t\t\t\t<\/div>\n\t\t\t\t<div class=\"elementor-element elementor-element-35138f ob-harakiri-inherit ob-has-background-overlay elementor-widget elementor-widget-text-editor\" data-id=\"35138f\" data-element_type=\"widget\" data-e-type=\"widget\" data-settings=\"{&quot;_ob_use_harakiri&quot;:&quot;yes&quot;,&quot;_ob_harakiri_writing_mode&quot;:&quot;inherit&quot;,&quot;_ob_postman_use&quot;:&quot;no&quot;,&quot;_ob_widget_stalker_use&quot;:&quot;no&quot;,&quot;_ob_poopart_use&quot;:&quot;yes&quot;,&quot;_ob_shadough_use&quot;:&quot;no&quot;,&quot;_ob_allow_hoveranimator&quot;:&quot;no&quot;}\" data-widget_type=\"text-editor.default\">\n\t\t\t\t<div class=\"elementor-widget-container\">\n\t\t\t\t\t\t\t\t\t<p class=\"p1\">Aux fins de l&#8217;utilisation de nos services, vous acceptez de vous conformer \u00e0 notre conditions g\u00e9n\u00e9rales et \u00e0 toutes lois applicables, vous confirmez \u00eatre d&#8217;au moins 18 ans ou avoir obtenu le consentement parental (le cas \u00e9ch\u00e9ant).<\/p>\t\t\t\t\t\t\t\t<\/div>\n\t\t\t\t<\/div>\n\t\t\t\t<div class=\"elementor-element elementor-element-4cc0304 ob-harakiri-inherit ob-has-background-overlay elementor-widget elementor-widget-text-editor\" data-id=\"4cc0304\" data-element_type=\"widget\" data-e-type=\"widget\" data-settings=\"{&quot;_ob_use_harakiri&quot;:&quot;yes&quot;,&quot;_ob_harakiri_writing_mode&quot;:&quot;inherit&quot;,&quot;_ob_postman_use&quot;:&quot;no&quot;,&quot;_ob_widget_stalker_use&quot;:&quot;no&quot;,&quot;_ob_poopart_use&quot;:&quot;yes&quot;,&quot;_ob_shadough_use&quot;:&quot;no&quot;,&quot;_ob_allow_hoveranimator&quot;:&quot;no&quot;}\" data-widget_type=\"text-editor.default\">\n\t\t\t\t<div class=\"elementor-widget-container\">\n\t\t\t\t\t\t\t\t\t<h5>Conditions g\u00e9n\u00e9rales<\/h5>\t\t\t\t\t\t\t\t<\/div>\n\t\t\t\t<\/div>\n\t\t\t\t<div class=\"elementor-element elementor-element-526a624 custom-accordion ob-has-background-overlay elementor-widget elementor-widget-accordion\" data-id=\"526a624\" data-element_type=\"widget\" data-e-type=\"widget\" data-settings=\"{&quot;_ob_widget_stalker_use&quot;:&quot;no&quot;,&quot;_ob_poopart_use&quot;:&quot;yes&quot;,&quot;_ob_shadough_use&quot;:&quot;no&quot;,&quot;_ob_allow_hoveranimator&quot;:&quot;no&quot;}\" data-widget_type=\"accordion.default\">\n\t\t\t\t<div class=\"elementor-widget-container\">\n\t\t\t\t\t\t\t<div class=\"elementor-accordion\">\n\t\t\t\t\t\t\t<div class=\"elementor-accordion-item\">\n\t\t\t\t\t<div id=\"elementor-tab-title-8641\" class=\"elementor-tab-title\" data-tab=\"1\" role=\"button\" aria-controls=\"elementor-tab-content-8641\" aria-expanded=\"false\">\n\t\t\t\t\t\t\t\t\t\t\t\t\t<span class=\"elementor-accordion-icon elementor-accordion-icon-right\" aria-hidden=\"true\">\n\t\t\t\t\t\t\t\t\t\t\t\t\t\t\t<span class=\"elementor-accordion-icon-closed\"><i class=\"fas fa-chevron-down\"><\/i><\/span>\n\t\t\t\t\t\t\t\t<span class=\"elementor-accordion-icon-opened\"><i class=\"fas fa-chevron-up\"><\/i><\/span>\n\t\t\t\t\t\t\t\t\t\t\t\t\t\t<\/span>\n\t\t\t\t\t\t\t\t\t\t\t\t<a class=\"elementor-accordion-title\" tabindex=\"0\">A. Exon\u00e9ration de garantie et limitation de responsabilit\u00e9<\/a>\n\t\t\t\t\t<\/div>\n\t\t\t\t\t<div id=\"elementor-tab-content-8641\" class=\"elementor-tab-content elementor-clearfix\" data-tab=\"1\" role=\"region\" aria-labelledby=\"elementor-tab-title-8641\"><p>Tous renseignements, contenu, mat\u00e9riel, produits et autres services inclus ou mis \u00e0 votre disposition sur la plateforme de HV Holdings Ltd sont fournis \u00ab en l&#8217;\u00e9tat \u00bb et \u00ab selon leur disponibilit\u00e9 \u00bb.<\/p>\n<\/p>\n<p>L&#8217;utilisation de nos services est \u00e0 votre seuls risques et p\u00e9rils. L&#8217;utilisation continue du service, \u00e0 tout moment comme \u00e0 la suite de toute publication de changement constitue une acceptation de votre part du contenu de la plateforme HV Holdings Ltd et\/ou de toute modification ult\u00e9rieure \u00e0 celle-ci.<\/p>\n<\/p>\n<p>Veuillez \u00e9galement noter que des modifications peuvent \u00eatre apport\u00e9es p\u00e9riodiquement au contenu de la plateforme de HV Holdings Ltd et\/ou \u00e0 ses Conditions G\u00e9n\u00e9rales sans notification pr\u00e9alable.  <\/p>\n<\/p>\n<p>Dans les limites autoris\u00e9es par la loi, HV Holdings Ltd ne peut \u00eatre tenue responsable des dommages et d\u00e9cline toute responsabilit\u00e9 de toute nature d\u00e9coulant de l&#8217;utilisation d&#8217;un service de HV Holdings Ltd, et\/ou de toute information, contenu, mat\u00e9riel, produits ou autres services inclus ou autrement mis \u00e0 votre disposition au moyen d&#8217;un service de HV Holdings Ltd, y compris tous dommages directs, indirects, accessoires, punitifs et cons\u00e9cutifs, sauf indication contraire \u00e9crite.<\/p>\n<\/div>\n\t\t\t\t<\/div>\n\t\t\t\t\t\t\t<div class=\"elementor-accordion-item\">\n\t\t\t\t\t<div id=\"elementor-tab-title-8642\" class=\"elementor-tab-title\" data-tab=\"2\" role=\"button\" aria-controls=\"elementor-tab-content-8642\" aria-expanded=\"false\">\n\t\t\t\t\t\t\t\t\t\t\t\t\t<span class=\"elementor-accordion-icon elementor-accordion-icon-right\" aria-hidden=\"true\">\n\t\t\t\t\t\t\t\t\t\t\t\t\t\t\t<span class=\"elementor-accordion-icon-closed\"><i class=\"fas fa-chevron-down\"><\/i><\/span>\n\t\t\t\t\t\t\t\t<span class=\"elementor-accordion-icon-opened\"><i class=\"fas fa-chevron-up\"><\/i><\/span>\n\t\t\t\t\t\t\t\t\t\t\t\t\t\t<\/span>\n\t\t\t\t\t\t\t\t\t\t\t\t<a class=\"elementor-accordion-title\" tabindex=\"0\">B. Indemnit\u00e9<\/a>\n\t\t\t\t\t<\/div>\n\t\t\t\t\t<div id=\"elementor-tab-content-8642\" class=\"elementor-tab-content elementor-clearfix\" data-tab=\"2\" role=\"region\" aria-labelledby=\"elementor-tab-title-8642\"><p>Vous acceptez de prot\u00e9ger HV Holdings Ltd ainsi que ses administrateurs, dirigeants, actionnaires, agents, soci\u00e9t\u00e9s affili\u00e9es, et autres repr\u00e9sentants contre toute responsabilit\u00e9, frais li\u00e9s \u00e0 toute r\u00e9clamation d\u00e9coulant d&#8217;une violation des pr\u00e9sentes conditions g\u00e9n\u00e9rales de votre part.<\/p>\n<p>Vous acceptez en outre de prot\u00e9ger HV Holdings Ltd de responsabilit\u00e9 \u00e0 l&#8217;\u00e9gard de toute all\u00e9gation de diffamation, atteinte \u00e0 la vie priv\u00e9e ou violation de tout droit de publicit\u00e9 ou d&#8217;autres droits li\u00e9s \u00e0 toute personne ou \u00e0 une entit\u00e9 quelconque.<\/p>\n<\/div>\n\t\t\t\t<\/div>\n\t\t\t\t\t\t\t<div class=\"elementor-accordion-item\">\n\t\t\t\t\t<div id=\"elementor-tab-title-8643\" class=\"elementor-tab-title\" data-tab=\"3\" role=\"button\" aria-controls=\"elementor-tab-content-8643\" aria-expanded=\"false\">\n\t\t\t\t\t\t\t\t\t\t\t\t\t<span class=\"elementor-accordion-icon elementor-accordion-icon-right\" aria-hidden=\"true\">\n\t\t\t\t\t\t\t\t\t\t\t\t\t\t\t<span class=\"elementor-accordion-icon-closed\"><i class=\"fas fa-chevron-down\"><\/i><\/span>\n\t\t\t\t\t\t\t\t<span class=\"elementor-accordion-icon-opened\"><i class=\"fas fa-chevron-up\"><\/i><\/span>\n\t\t\t\t\t\t\t\t\t\t\t\t\t\t<\/span>\n\t\t\t\t\t\t\t\t\t\t\t\t<a class=\"elementor-accordion-title\" tabindex=\"0\">C. D\u00e9claration relative aux cookies<\/a>\n\t\t\t\t\t<\/div>\n\t\t\t\t\t<div id=\"elementor-tab-content-8643\" class=\"elementor-tab-content elementor-clearfix\" data-tab=\"3\" role=\"region\" aria-labelledby=\"elementor-tab-title-8643\"><p>La politique de confidentialit\u00e9 ne s&#8217;applique pas aux autres annonceurs ou sites web. Nous vous recommandons de consulter les politiques de confidentialit\u00e9 respectives de ces serveurs pour obtenir des informations plus d\u00e9taill\u00e9es. Cela peut comprendre leurs pratiques et les instructions li\u00e9es au refus de certaines options.  <\/p>\n<p>Vous pouvez choisir de d\u00e9sactiver les cookies via votre navigateur personnel. Pour des renseignements plus d\u00e9taill\u00e9s sur la manipulation des cookies avec des navigateurs sp\u00e9cifiques, veuillez visiter les sites web concern\u00e9s. <\/p>\n<\/div>\n\t\t\t\t<\/div>\n\t\t\t\t\t\t\t<div class=\"elementor-accordion-item\">\n\t\t\t\t\t<div id=\"elementor-tab-title-8644\" class=\"elementor-tab-title\" data-tab=\"4\" role=\"button\" aria-controls=\"elementor-tab-content-8644\" aria-expanded=\"false\">\n\t\t\t\t\t\t\t\t\t\t\t\t\t<span class=\"elementor-accordion-icon elementor-accordion-icon-right\" aria-hidden=\"true\">\n\t\t\t\t\t\t\t\t\t\t\t\t\t\t\t<span class=\"elementor-accordion-icon-closed\"><i class=\"fas fa-chevron-down\"><\/i><\/span>\n\t\t\t\t\t\t\t\t<span class=\"elementor-accordion-icon-opened\"><i class=\"fas fa-chevron-up\"><\/i><\/span>\n\t\t\t\t\t\t\t\t\t\t\t\t\t\t<\/span>\n\t\t\t\t\t\t\t\t\t\t\t\t<a class=\"elementor-accordion-title\" tabindex=\"0\">D. Droits \u00e0 la protection des donn\u00e9es<\/a>\n\t\t\t\t\t<\/div>\n\t\t\t\t\t<div id=\"elementor-tab-content-8644\" class=\"elementor-tab-content elementor-clearfix\" data-tab=\"4\" role=\"region\" aria-labelledby=\"elementor-tab-title-8644\"><p>Nous voulons nous assurer que vous \u00eates pleinement conscient des droits de protection de vos donn\u00e9es. Chaque utilisateur dispose des droits suivants:<br \/>\n<\/p>\n<ol>\n<li class=\"p1\">Droit d&#8217;acc\u00e8s &#8211; vous avez le droit de demander des copies de vos donn\u00e9es personnelles (moyennant paiement d&#8217;une somme symbolique le cas \u00e9ch\u00e9ant). <span class=\"Apple-converted-space\"> <\/span><\/li>\n<li class=\"p1\">Droit de rectification &#8211; Vous avez le droit de nous demander de corriger toute information que vous pensez inexacte. Vous avez \u00e9galement le droit de nous demander de fournir des renseignements que vous pensez incomplets. <span class=\"Apple-converted-space\"> <\/span><\/li>\n<li class=\"p1\">Le droit de restreindre le traitement des donn\u00e9es &#8211; vous avez le droit de nous demander de restreindre le traitement de vos donn\u00e9es personnelles, sous certaines conditions.<span class=\"Apple-converted-space\"> <\/span><\/li>\n<li class=\"p1\">Droit d&#8217;opposition au traitement des donn\u00e9es &#8211; Vous avez le droit de vous opposer au traitement de vos donn\u00e9es personnelles, sous certaines conditions.<span class=\"Apple-converted-space\"> <\/span><\/li>\n<li class=\"p1\">Nous disposons d&#8217;un d\u00e9lai d&#8217;un (1) mois pour r\u00e9pondre \u00e0 votre demande. Si vous souhaitez exercer l&#8217;un de ces droits, veuillez nous contacter. <\/li>\n<\/ol>\n<\/div>\n\t\t\t\t<\/div>\n\t\t\t\t\t\t\t<div class=\"elementor-accordion-item\">\n\t\t\t\t\t<div id=\"elementor-tab-title-8645\" class=\"elementor-tab-title\" data-tab=\"5\" role=\"button\" aria-controls=\"elementor-tab-content-8645\" aria-expanded=\"false\">\n\t\t\t\t\t\t\t\t\t\t\t\t\t<span class=\"elementor-accordion-icon elementor-accordion-icon-right\" aria-hidden=\"true\">\n\t\t\t\t\t\t\t\t\t\t\t\t\t\t\t<span class=\"elementor-accordion-icon-closed\"><i class=\"fas fa-chevron-down\"><\/i><\/span>\n\t\t\t\t\t\t\t\t<span class=\"elementor-accordion-icon-opened\"><i class=\"fas fa-chevron-up\"><\/i><\/span>\n\t\t\t\t\t\t\t\t\t\t\t\t\t\t<\/span>\n\t\t\t\t\t\t\t\t\t\t\t\t<a class=\"elementor-accordion-title\" tabindex=\"0\">E. Informations sur les enfants<\/a>\n\t\t\t\t\t<\/div>\n\t\t\t\t\t<div id=\"elementor-tab-content-8645\" class=\"elementor-tab-content elementor-clearfix\" data-tab=\"5\" role=\"region\" aria-labelledby=\"elementor-tab-title-8645\"><p>L&#8217;utilisation d&#8217;internet par les enfants et la protection de leurs droits fait partie de nos priorit\u00e9s. Nous encourageons les parents et les tuteurs \u00e0 observer, \u00e0 participer ou \u00e0 surveiller et \u00e0 guider leurs activit\u00e9s en ligne. <\/p>\n<p>L&#8217;entreprise ne recueille pas sciemment de renseignements personnels sur des enfants de moins de 16 ans. Si vous croyez que votre enfant a fourni ce type d&#8217;informations sur notre site web, nous encourageons vivement \u00e0 nous contacter imm\u00e9diatement \u00e0 l&#8217;effet de supprimer ces informations de nos dossiers dans les meilleurs d\u00e9lais. <\/p>\n<\/div>\n\t\t\t\t<\/div>\n\t\t\t\t\t\t\t<div class=\"elementor-accordion-item\">\n\t\t\t\t\t<div id=\"elementor-tab-title-8646\" class=\"elementor-tab-title\" data-tab=\"6\" role=\"button\" aria-controls=\"elementor-tab-content-8646\" aria-expanded=\"false\">\n\t\t\t\t\t\t\t\t\t\t\t\t\t<span class=\"elementor-accordion-icon elementor-accordion-icon-right\" aria-hidden=\"true\">\n\t\t\t\t\t\t\t\t\t\t\t\t\t\t\t<span class=\"elementor-accordion-icon-closed\"><i class=\"fas fa-chevron-down\"><\/i><\/span>\n\t\t\t\t\t\t\t\t<span class=\"elementor-accordion-icon-opened\"><i class=\"fas fa-chevron-up\"><\/i><\/span>\n\t\t\t\t\t\t\t\t\t\t\t\t\t\t<\/span>\n\t\t\t\t\t\t\t\t\t\t\t\t<a class=\"elementor-accordion-title\" tabindex=\"0\">F. D\u00e9claration<\/a>\n\t\t\t\t\t<\/div>\n\t\t\t\t\t<div id=\"elementor-tab-content-8646\" class=\"elementor-tab-content elementor-clearfix\" data-tab=\"6\" role=\"region\" aria-labelledby=\"elementor-tab-title-8646\"><p>Je d\u00e9clare avoir lu attentivement les Conditions G\u00e9n\u00e9rales de HV Holdings Ltd. Je m&#8217;engage \u00e0 \u00eatre li\u00e9 par les Conditions G\u00e9n\u00e9rales et je reconnais que l&#8217;utilisation de la plateforme HV Holdings Ltd est soumise \u00e0 ces conditions. Je d\u00e9clare que tous les renseignements\/documents fournis \u00e0 HV Holdings Ltd (sous quelque forme et de quelque nature que ce soit) sont vrais, exacts et complets et je m&#8217;engage \u00e0 informer HV Holdings Ltd de tout changement me concernant.<\/p>\n<\/div>\n\t\t\t\t<\/div>\n\t\t\t\t\t\t\t\t<\/div>\n\t\t\t\t\t\t<\/div>\n\t\t\t\t<\/div>\n\t\t\t\t\t<\/div>\n\t\t<\/div>\n\t\t\t\t\t<\/div>\n\t\t<\/section>\n\t\t\t\t<\/div>\n\t\t","protected":false},"excerpt":{"rendered":"<p>Politique d&#8217;utilisation du site web de HV Holdings Ltd Aux fins de l&#8217;utilisation de nos services, vous acceptez de vous conformer \u00e0 notre conditions g\u00e9n\u00e9rales et \u00e0 toutes lois applicables, vous confirmez \u00eatre d&#8217;au moins 18 ans ou avoir obtenu le consentement parental (le cas \u00e9ch\u00e9ant). Conditions g\u00e9n\u00e9rales A. Exon\u00e9ration de garantie et limitation de [&hellip;]<\/p>\n","protected":false},"author":7,"featured_media":0,"parent":0,"menu_order":0,"comment_status":"closed","ping_status":"closed","template":"","meta":{"_acf_changed":false,"footnotes":""},"class_list":["post-6446","page","type-page","status-publish","hentry"],"acf":[],"_links":{"self":[{"href":"https:\/\/hv-holdings.mu\/fr\/wp-json\/wp\/v2\/pages\/6446","targetHints":{"allow":["GET"]}}],"collection":[{"href":"https:\/\/hv-holdings.mu\/fr\/wp-json\/wp\/v2\/pages"}],"about":[{"href":"https:\/\/hv-holdings.mu\/fr\/wp-json\/wp\/v2\/types\/page"}],"author":[{"embeddable":true,"href":"https:\/\/hv-holdings.mu\/fr\/wp-json\/wp\/v2\/users\/7"}],"replies":[{"embeddable":true,"href":"https:\/\/hv-holdings.mu\/fr\/wp-json\/wp\/v2\/comments?post=6446"}],"version-history":[{"count":1,"href":"https:\/\/hv-holdings.mu\/fr\/wp-json\/wp\/v2\/pages\/6446\/revisions"}],"predecessor-version":[{"id":12519,"href":"https:\/\/hv-holdings.mu\/fr\/wp-json\/wp\/v2\/pages\/6446\/revisions\/12519"}],"wp:attachment":[{"href":"https:\/\/hv-holdings.mu\/fr\/wp-json\/wp\/v2\/media?parent=6446"}],"curies":[{"name":"wp","href":"https:\/\/api.w.org\/{rel}","templated":true}]}}